{"id":1102,"date":"2021-05-15T08:14:43","date_gmt":"2021-05-15T13:14:43","guid":{"rendered":"https:\/\/gotasparaoxigenar.com\/?page_id=1102"},"modified":"2021-06-08T14:40:26","modified_gmt":"2021-06-08T19:40:26","slug":"raees-residuos-de-aparatos-electricos-y-electronicos","status":"publish","type":"page","link":"https:\/\/gotasparaoxigenar.com\/?page_id=1102","title":{"rendered":"RAEES RESIDUOS DE APARATOS EL\u00c9CTRICOS Y ELECTR\u00d3NICOS"},"content":{"rendered":"\t\t<div data-elementor-type=\"wp-page\" data-elementor-id=\"1102\" class=\"elementor elementor-1102\">\n\t\t\t\t\t\t\t\t\t<section class=\"elementor-section elementor-top-section elementor-element elementor-element-81c0285 elementor-section-boxed elementor-section-height-default elementor-section-height-default\" data-id=\"81c0285\" data-element_type=\"section\">\n\t\t\t\t\t\t<div class=\"elementor-container elementor-column-gap-default\">\n\t\t\t\t\t<div class=\"elementor-column elementor-col-16 elementor-top-column elementor-element elementor-element-eb435d1\" data-id=\"eb435d1\" data-element_type=\"column\">\n\t\t\t<div class=\"elementor-widget-wrap elementor-element-populated\">\n\t\t\t\t\t\t\t\t<div class=\"elementor-element elementor-element-cd16e59 elementor-widget elementor-widget-image\" data-id=\"cd16e59\" data-element_type=\"widget\" data-widget_type=\"image.default\">\n\t\t\t\t<div class=\"elementor-widget-container\">\n\t\t\t\t\t\t\t\t\t\t\t\t\t\t\t<img width=\"202\" height=\"300\" src=\"https:\/\/gotasparaoxigenar.com\/wp-content\/uploads\/2021\/05\/Electronicos-6-1-202x300.png\" class=\"attachment-medium size-medium\" alt=\"\" loading=\"lazy\" srcset=\"https:\/\/gotasparaoxigenar.com\/wp-content\/uploads\/2021\/05\/Electronicos-6-1-202x300.png 202w, https:\/\/gotasparaoxigenar.com\/wp-content\/uploads\/2021\/05\/Electronicos-6-1.png 592w\" sizes=\"(max-width: 202px) 100vw, 202px\" \/>\t\t\t\t\t\t\t\t\t\t\t\t\t\t\t<\/div>\n\t\t\t\t<\/div>\n\t\t\t\t\t<\/div>\n\t\t<\/div>\n\t\t\t\t<div class=\"elementor-column elementor-col-16 elementor-top-column elementor-element elementor-element-add7138\" data-id=\"add7138\" data-element_type=\"column\">\n\t\t\t<div class=\"elementor-widget-wrap elementor-element-populated\">\n\t\t\t\t\t\t\t\t<div class=\"elementor-element elementor-element-1d7ce8b elementor-widget elementor-widget-image\" data-id=\"1d7ce8b\" data-element_type=\"widget\" data-widget_type=\"image.default\">\n\t\t\t\t<div class=\"elementor-widget-container\">\n\t\t\t\t\t\t\t\t\t\t\t\t\t\t\t<img width=\"696\" height=\"878\" src=\"https:\/\/gotasparaoxigenar.com\/wp-content\/uploads\/2021\/05\/Electronicos-5-1.png\" class=\"attachment-large size-large\" alt=\"\" loading=\"lazy\" srcset=\"https:\/\/gotasparaoxigenar.com\/wp-content\/uploads\/2021\/05\/Electronicos-5-1.png 696w, https:\/\/gotasparaoxigenar.com\/wp-content\/uploads\/2021\/05\/Electronicos-5-1-238x300.png 238w\" sizes=\"(max-width: 696px) 100vw, 696px\" \/>\t\t\t\t\t\t\t\t\t\t\t\t\t\t\t<\/div>\n\t\t\t\t<\/div>\n\t\t\t\t\t<\/div>\n\t\t<\/div>\n\t\t\t\t<div class=\"elementor-column elementor-col-16 elementor-top-column elementor-element elementor-element-f9b8d57\" data-id=\"f9b8d57\" data-element_type=\"column\">\n\t\t\t<div class=\"elementor-widget-wrap elementor-element-populated\">\n\t\t\t\t\t\t\t\t<div class=\"elementor-element elementor-element-6c3aff7 elementor-widget elementor-widget-image\" data-id=\"6c3aff7\" data-element_type=\"widget\" data-widget_type=\"image.default\">\n\t\t\t\t<div class=\"elementor-widget-container\">\n\t\t\t\t\t\t\t\t\t\t\t\t\t\t\t<img width=\"217\" height=\"300\" src=\"https:\/\/gotasparaoxigenar.com\/wp-content\/uploads\/2021\/05\/Electronicos-4-1-217x300.png\" class=\"attachment-medium size-medium\" alt=\"\" loading=\"lazy\" srcset=\"https:\/\/gotasparaoxigenar.com\/wp-content\/uploads\/2021\/05\/Electronicos-4-1-217x300.png 217w, https:\/\/gotasparaoxigenar.com\/wp-content\/uploads\/2021\/05\/Electronicos-4-1.png 635w\" sizes=\"(max-width: 217px) 100vw, 217px\" \/>\t\t\t\t\t\t\t\t\t\t\t\t\t\t\t<\/div>\n\t\t\t\t<\/div>\n\t\t\t\t\t<\/div>\n\t\t<\/div>\n\t\t\t\t<div class=\"elementor-column elementor-col-16 elementor-top-column elementor-element elementor-element-c966a33\" data-id=\"c966a33\" data-element_type=\"column\">\n\t\t\t<div class=\"elementor-widget-wrap elementor-element-populated\">\n\t\t\t\t\t\t\t\t<div class=\"elementor-element elementor-element-0074a6e elementor-widget elementor-widget-image\" data-id=\"0074a6e\" data-element_type=\"widget\" data-widget_type=\"image.default\">\n\t\t\t\t<div class=\"elementor-widget-container\">\n\t\t\t\t\t\t\t\t\t\t\t\t\t\t\t<img width=\"231\" height=\"300\" src=\"https:\/\/gotasparaoxigenar.com\/wp-content\/uploads\/2021\/05\/Electronicos-2-1-231x300.png\" class=\"attachment-medium size-medium\" alt=\"\" loading=\"lazy\" srcset=\"https:\/\/gotasparaoxigenar.com\/wp-content\/uploads\/2021\/05\/Electronicos-2-1-231x300.png 231w, https:\/\/gotasparaoxigenar.com\/wp-content\/uploads\/2021\/05\/Electronicos-2-1.png 675w\" sizes=\"(max-width: 231px) 100vw, 231px\" \/>\t\t\t\t\t\t\t\t\t\t\t\t\t\t\t<\/div>\n\t\t\t\t<\/div>\n\t\t\t\t\t<\/div>\n\t\t<\/div>\n\t\t\t\t<div class=\"elementor-column elementor-col-16 elementor-top-column elementor-element elementor-element-8b104b7\" data-id=\"8b104b7\" data-element_type=\"column\">\n\t\t\t<div class=\"elementor-widget-wrap elementor-element-populated\">\n\t\t\t\t\t\t\t\t<div class=\"elementor-element elementor-element-9f7f87e elementor-widget elementor-widget-image\" data-id=\"9f7f87e\" data-element_type=\"widget\" data-widget_type=\"image.default\">\n\t\t\t\t<div class=\"elementor-widget-container\">\n\t\t\t\t\t\t\t\t\t\t\t\t\t\t\t<img width=\"220\" height=\"300\" src=\"https:\/\/gotasparaoxigenar.com\/wp-content\/uploads\/2021\/05\/Electronicos-3-1-220x300.png\" class=\"attachment-medium size-medium\" alt=\"\" loading=\"lazy\" srcset=\"https:\/\/gotasparaoxigenar.com\/wp-content\/uploads\/2021\/05\/Electronicos-3-1-220x300.png 220w, https:\/\/gotasparaoxigenar.com\/wp-content\/uploads\/2021\/05\/Electronicos-3-1.png 643w\" sizes=\"(max-width: 220px) 100vw, 220px\" \/>\t\t\t\t\t\t\t\t\t\t\t\t\t\t\t<\/div>\n\t\t\t\t<\/div>\n\t\t\t\t\t<\/div>\n\t\t<\/div>\n\t\t\t\t<div class=\"elementor-column elementor-col-16 elementor-top-column elementor-element elementor-element-8c34bf9\" data-id=\"8c34bf9\" data-element_type=\"column\">\n\t\t\t<div class=\"elementor-widget-wrap elementor-element-populated\">\n\t\t\t\t\t\t\t\t<div class=\"elementor-element elementor-element-9f62d60 elementor-widget elementor-widget-image\" data-id=\"9f62d60\" data-element_type=\"widget\" data-widget_type=\"image.default\">\n\t\t\t\t<div class=\"elementor-widget-container\">\n\t\t\t\t\t\t\t\t\t\t\t\t\t\t\t<img width=\"214\" height=\"300\" src=\"https:\/\/gotasparaoxigenar.com\/wp-content\/uploads\/2021\/05\/Electronicos-1-1-214x300.png\" class=\"attachment-medium size-medium\" alt=\"\" loading=\"lazy\" srcset=\"https:\/\/gotasparaoxigenar.com\/wp-content\/uploads\/2021\/05\/Electronicos-1-1-214x300.png 214w, https:\/\/gotasparaoxigenar.com\/wp-content\/uploads\/2021\/05\/Electronicos-1-1.png 626w\" sizes=\"(max-width: 214px) 100vw, 214px\" \/>\t\t\t\t\t\t\t\t\t\t\t\t\t\t\t<\/div>\n\t\t\t\t<\/div>\n\t\t\t\t\t<\/div>\n\t\t<\/div>\n\t\t\t\t\t\t\t<\/div>\n\t\t<\/section>\n\t\t\t\t<section class=\"elementor-section elementor-top-section elementor-element elementor-element-4fb33264 elementor-section-boxed elementor-section-height-default elementor-section-height-default\" data-id=\"4fb33264\" data-element_type=\"section\">\n\t\t\t\t\t\t<div class=\"elementor-container elementor-column-gap-default\">\n\t\t\t\t\t<div class=\"elementor-column elementor-col-100 elementor-top-column elementor-element elementor-element-609623d8\" data-id=\"609623d8\" data-element_type=\"column\">\n\t\t\t<div class=\"elementor-widget-wrap elementor-element-populated\">\n\t\t\t\t\t\t\t\t<div class=\"elementor-element elementor-element-26e237eb elementor-widget elementor-widget-text-editor\" data-id=\"26e237eb\" data-element_type=\"widget\" data-widget_type=\"text-editor.default\">\n\t\t\t\t<div class=\"elementor-widget-container\">\n\t\t\t\t\t\t\t<!-- wp:image {\"align\":\"center\",\"id\":1011,\"sizeSlug\":\"medium\",\"linkDestination\":\"none\"} -->\n<div class=\"wp-block-image\">\u00a0<\/div>\n<p>\u00a0<\/p>\n<figure class=\"wp-block-pullquote\">\n<h1 style=\"text-align: center;\"><span style=\"color: #003366;\"><strong>Algunos de los residuos m\u00e1s<\/strong> comunes son:<\/span><\/h1>\n<p>\u00a0<\/p>\n<ul style=\"text-align: justify;\">\n<li>\n<h2><span style=\"color: #003366;\">Computadores y perif\u00e9ricos.<\/span><\/h2>\n<\/li>\n<li>\n<h2><span style=\"color: #003366;\">Grandes electrodom\u00e9sticos como neveras, aires condicionados, lavadoras y hornos microondas.<\/span><\/h2>\n<\/li>\n<li>\n<h2><span style=\"color: #003366;\">Aparatos de la cocina como batidoras, cafeteras y licuadoras.<\/span><\/h2>\n<\/li>\n<li>\n<h2><span style=\"color: #003366;\">Instrumentos de belleza como planchas de cabello, secadores, maquinas el\u00e9ctricas de afeitar.<\/span><\/h2>\n<\/li>\n<li>\n<h2><span style=\"color: #003366;\">Juguetes el\u00e9ctricos y que funcionen con pilas.<\/span><\/h2>\n<\/li>\n<\/ul>\n<ul>\n<li>\n<h2 style=\"text-align: justify;\"><span style=\"color: #003366;\">Aparatos de entretenimiento como consolas de videojuegos, controles remotos, c\u00e1maras digitales televisores y radios.<\/span><\/h2>\n<\/li>\n<\/ul>\n<\/figure>\n<p>\u00a0<\/p>\n<figure class=\"wp-block-pullquote\">\n<blockquote>\n<h1 style=\"text-align: justify;\"><span style=\"color: #003366;\">Los computadores y partes en desuso por ejemplo, contienen sustancias peligrosas como mercurio, plomo, cadmio y cromo, por lo que, sin un tratamiento adecuado, podr\u00edan afectar la salud humana y contaminar el ambiente dr\u00e1sticamente.<\/span><\/h1>\n<h1 style=\"text-align: justify;\"><span style=\"color: #003366;\">Un kilogramo de gas refrigerante puede emitir a la atmosfera hasta 1,8 Toneladas de CO2, estos gases se encuentran presentes\u00a0\u00a0 en los Residuos de Aparatos el\u00e9ctricos y electr\u00f3nicos derivados en equipos de refrigeraci\u00f3n, las Toneladas equivalentes de CO2 es la cantidad de gases de efecto invernadero con potencial de generar calentamiento Global y contribuir al cambio clim\u00e1tico. Por cada nevera que se dispone de manera inadecuada se puede estar liberando en TON de CO2 lo equivalente a lo que se libera durante vuelo Bogot\u00e1 \u2013 Madrid, la emisi\u00f3n de estos gases es irreversible.<\/span><\/h1>\n<\/blockquote>\n<\/figure>\n<!-- \/wp:pullquote -->\t\t\t\t\t\t<\/div>\n\t\t\t\t<\/div>\n\t\t\t\t\t<\/div>\n\t\t<\/div>\n\t\t\t\t\t\t\t<\/div>\n\t\t<\/section>\n\t\t\t\t<section class=\"elementor-section elementor-top-section elementor-element elementor-element-240785a elementor-section-boxed elementor-section-height-default elementor-section-height-default\" data-id=\"240785a\" data-element_type=\"section\">\n\t\t\t\t\t\t<div class=\"elementor-container elementor-column-gap-default\">\n\t\t\t\t\t<div class=\"elementor-column elementor-col-100 elementor-top-column elementor-element elementor-element-c95ffa6\" data-id=\"c95ffa6\" data-element_type=\"column\">\n\t\t\t<div class=\"elementor-widget-wrap elementor-element-populated\">\n\t\t\t\t\t\t\t\t<div class=\"elementor-element elementor-element-5a58cb6 elementor-arrows-position-inside elementor-pagination-position-outside elementor-widget elementor-widget-image-carousel\" data-id=\"5a58cb6\" data-element_type=\"widget\" data-settings=\"{&quot;navigation&quot;:&quot;both&quot;,&quot;autoplay&quot;:&quot;yes&quot;,&quot;pause_on_hover&quot;:&quot;yes&quot;,&quot;pause_on_interaction&quot;:&quot;yes&quot;,&quot;autoplay_speed&quot;:5000,&quot;infinite&quot;:&quot;yes&quot;,&quot;speed&quot;:500}\" data-widget_type=\"image-carousel.default\">\n\t\t\t\t<div class=\"elementor-widget-container\">\n\t\t\t\t\t<div class=\"elementor-image-carousel-wrapper swiper-container\" dir=\"ltr\">\n\t\t\t<div class=\"elementor-image-carousel swiper-wrapper\">\n\t\t\t\t\t\t\t\t<div class=\"swiper-slide\"><figure class=\"swiper-slide-inner\"><img class=\"swiper-slide-image\" src=\"https:\/\/gotasparaoxigenar.com\/wp-content\/uploads\/2021\/05\/IMG_20180517_140645-1-300x225.jpg\" alt=\"bty\" \/><\/figure><\/div><div class=\"swiper-slide\"><figure class=\"swiper-slide-inner\"><img class=\"swiper-slide-image\" src=\"https:\/\/gotasparaoxigenar.com\/wp-content\/uploads\/2021\/05\/IMG_20180517_084230-1-300x225.jpg\" alt=\"bdr\" \/><\/figure><\/div><div class=\"swiper-slide\"><figure class=\"swiper-slide-inner\"><img class=\"swiper-slide-image\" src=\"https:\/\/gotasparaoxigenar.com\/wp-content\/uploads\/2021\/05\/IMG_20180517_084228-1-300x225.jpg\" alt=\"bty\" \/><\/figure><\/div><div class=\"swiper-slide\"><figure class=\"swiper-slide-inner\"><img class=\"swiper-slide-image\" src=\"https:\/\/gotasparaoxigenar.com\/wp-content\/uploads\/2021\/05\/IMG_20180517_084220-1-300x225.jpg\" alt=\"bdr\" \/><\/figure><\/div><div class=\"swiper-slide\"><figure class=\"swiper-slide-inner\"><img class=\"swiper-slide-image\" src=\"https:\/\/gotasparaoxigenar.com\/wp-content\/uploads\/2021\/05\/IMG_9873-1-300x225.jpg\" alt=\"IMG_9873\" \/><\/figure><\/div>\t\t\t<\/div>\n\t\t\t\t\t\t\t\t\t\t\t\t<div class=\"swiper-pagination\"><\/div>\n\t\t\t\t\t\t\t\t\t\t\t\t\t<div class=\"elementor-swiper-button elementor-swiper-button-prev\">\n\t\t\t\t\t\t<i aria-hidden=\"true\" class=\"eicon-chevron-left\"><\/i>\t\t\t\t\t\t<span class=\"elementor-screen-only\">Anterior<\/span>\n\t\t\t\t\t<\/div>\n\t\t\t\t\t<div class=\"elementor-swiper-button elementor-swiper-button-next\">\n\t\t\t\t\t\t<i aria-hidden=\"true\" class=\"eicon-chevron-right\"><\/i>\t\t\t\t\t\t<span class=\"elementor-screen-only\">Siguiente<\/span>\n\t\t\t\t\t<\/div>\n\t\t\t\t\t\t\t\t\t<\/div>\n\t\t\t\t<\/div>\n\t\t\t\t<\/div>\n\t\t\t\t\t<\/div>\n\t\t<\/div>\n\t\t\t\t\t\t\t<\/div>\n\t\t<\/section>\n\t\t\t\t\t\t\t<\/div>\n\t\t","protected":false},"excerpt":{"rendered":"<p>Anterior Siguiente<\/p>\n","protected":false},"author":1,"featured_media":0,"parent":0,"menu_order":0,"comment_status":"closed","ping_status":"closed","template":"elementor_header_footer","meta":{"ocean_post_layout":"","ocean_both_sidebars_style":"","ocean_both_sidebars_content_width":0,"ocean_both_sidebars_sidebars_width":0,"ocean_sidebar":"0","ocean_second_sidebar":"0","ocean_disable_margins":"enable","ocean_add_body_class":"","ocean_shortcode_before_top_bar":"","ocean_shortcode_after_top_bar":"","ocean_shortcode_before_header":"","ocean_shortcode_after_header":"","ocean_has_shortcode":"","ocean_shortcode_after_title":"","ocean_shortcode_before_footer_widgets":"","ocean_shortcode_after_footer_widgets":"","ocean_shortcode_before_footer_bottom":"","ocean_shortcode_after_footer_bottom":"","ocean_display_top_bar":"default","ocean_display_header":"on","ocean_header_style":"top","ocean_center_header_left_menu":"0","ocean_custom_header_template":"0","ocean_custom_logo":0,"ocean_custom_retina_logo":0,"ocean_custom_logo_max_width":0,"ocean_custom_logo_tablet_max_width":0,"ocean_custom_logo_mobile_max_width":0,"ocean_custom_logo_max_height":0,"ocean_custom_logo_tablet_max_height":0,"ocean_custom_logo_mobile_max_height":0,"ocean_header_custom_menu":"0","ocean_menu_typo_font_family":"0","ocean_menu_typo_font_subset":"","ocean_menu_typo_font_size":0,"ocean_menu_typo_font_size_tablet":0,"ocean_menu_typo_font_size_mobile":0,"ocean_menu_typo_font_size_unit":"px","ocean_menu_typo_font_weight":"","ocean_menu_typo_font_weight_tablet":"","ocean_menu_typo_font_weight_mobile":"","ocean_menu_typo_transform":"","ocean_menu_typo_transform_tablet":"","ocean_menu_typo_transform_mobile":"","ocean_menu_typo_line_height":0,"ocean_menu_typo_line_height_tablet":0,"ocean_menu_typo_line_height_mobile":0,"ocean_menu_typo_line_height_unit":"","ocean_menu_typo_spacing":0,"ocean_menu_typo_spacing_tablet":0,"ocean_menu_typo_spacing_mobile":0,"ocean_menu_typo_spacing_unit":"","ocean_menu_link_color":"","ocean_menu_link_color_hover":"","ocean_menu_link_color_active":"","ocean_menu_link_background":"","ocean_menu_link_hover_background":"","ocean_menu_link_active_background":"","ocean_menu_social_links_bg":"","ocean_menu_social_hover_links_bg":"","ocean_menu_social_links_color":"","ocean_menu_social_hover_links_color":"","ocean_disable_title":"default","ocean_disable_heading":"default","ocean_post_title":"","ocean_post_subheading":"","ocean_post_title_style":"","ocean_post_title_background_color":"","ocean_post_title_background":0,"ocean_post_title_bg_image_position":"","ocean_post_title_bg_image_attachment":"","ocean_post_title_bg_image_repeat":"","ocean_post_title_bg_image_size":"","ocean_post_title_height":0,"ocean_post_title_bg_overlay":0.5,"ocean_post_title_bg_overlay_color":"","ocean_disable_breadcrumbs":"default","ocean_breadcrumbs_color":"","ocean_breadcrumbs_separator_color":"","ocean_breadcrumbs_links_color":"","ocean_breadcrumbs_links_hover_color":"","ocean_display_footer_widgets":"default","ocean_display_footer_bottom":"default","ocean_custom_footer_template":"0"},"_links":{"self":[{"href":"https:\/\/gotasparaoxigenar.com\/index.php?rest_route=\/wp\/v2\/pages\/1102"}],"collection":[{"href":"https:\/\/gotasparaoxigenar.com\/index.php?rest_route=\/wp\/v2\/pages"}],"about":[{"href":"https:\/\/gotasparaoxigenar.com\/index.php?rest_route=\/wp\/v2\/types\/page"}],"author":[{"embeddable":true,"href":"https:\/\/gotasparaoxigenar.com\/index.php?rest_route=\/wp\/v2\/users\/1"}],"replies":[{"embeddable":true,"href":"https:\/\/gotasparaoxigenar.com\/index.php?rest_route=%2Fwp%2Fv2%2Fcomments&post=1102"}],"version-history":[{"count":20,"href":"https:\/\/gotasparaoxigenar.com\/index.php?rest_route=\/wp\/v2\/pages\/1102\/revisions"}],"predecessor-version":[{"id":1670,"href":"https:\/\/gotasparaoxigenar.com\/index.php?rest_route=\/wp\/v2\/pages\/1102\/revisions\/1670"}],"wp:attachment":[{"href":"https:\/\/gotasparaoxigenar.com\/index.php?rest_route=%2Fwp%2Fv2%2Fmedia&parent=1102"}],"curies":[{"name":"wp","href":"https:\/\/api.w.org\/{rel}","templated":true}]}}