{"id":739,"date":"2021-05-10T16:00:41","date_gmt":"2021-05-10T21:00:41","guid":{"rendered":"https:\/\/gotasparaoxigenar.com\/?page_id=739"},"modified":"2021-05-24T10:53:14","modified_gmt":"2021-05-24T15:53:14","slug":"residuos-que-participan-en-la-estrategia-gotas-para-oxigenar","status":"publish","type":"page","link":"https:\/\/gotasparaoxigenar.com\/?page_id=739","title":{"rendered":"RESIDUOS QUE PARTICIPAN EN LA ESTRATEGIA GOTAS PARA OXIGENAR"},"content":{"rendered":"\t\t<div data-elementor-type=\"wp-page\" data-elementor-id=\"739\" class=\"elementor elementor-739\">\n\t\t\t\t\t\t\t\t\t<section class=\"elementor-section elementor-top-section elementor-element elementor-element-63613b7c elementor-section-boxed elementor-section-height-default elementor-section-height-default\" data-id=\"63613b7c\" data-element_type=\"section\">\n\t\t\t\t\t\t<div class=\"elementor-container elementor-column-gap-default\">\n\t\t\t\t\t<div class=\"elementor-column elementor-col-100 elementor-top-column elementor-element elementor-element-19ce2c95\" data-id=\"19ce2c95\" data-element_type=\"column\">\n\t\t\t<div class=\"elementor-widget-wrap elementor-element-populated\">\n\t\t\t\t\t\t\t\t<div class=\"elementor-element elementor-element-7a69250c elementor-widget elementor-widget-text-editor\" data-id=\"7a69250c\" data-element_type=\"widget\" data-widget_type=\"text-editor.default\">\n\t\t\t\t<div class=\"elementor-widget-container\">\n\t\t\t\t\t\t\t<!-- wp:paragraph -->\n<h1 style=\"text-align: center;\"><a href=\"https:\/\/gotasparaoxigenar.com\/?page_id=1102\"><strong><span style=\"color: #003366;\">RAEES RESIDUOS DE APARATOS EL\u00c9CTRICOS Y ELECTR\u00d3NICOS<\/span><\/strong><\/a><\/h1>\n<p>\u00a0<\/p>\n<h2><span style=\"color: #003366;\"><!-- \/wp:paragraph --><!-- wp:paragraph --><\/span><\/h2>\n<h2 style=\"text-align: justify;\"><span style=\"color: #003366;\">Los computadores y partes en desuso por ejemplo, contienen sustancias peligrosas como mercurio, plomo, cadmio y cromo, por lo que, sin un tratamiento adecuado, podr\u00edan afectar la salud humana y contaminar el ambiente dr\u00e1sticamente.<\/span><\/h2>\n<h2><span style=\"color: #003366;\"><!-- \/wp:paragraph --><!-- wp:paragraph --><\/span><\/h2>\n<h2 style=\"text-align: justify;\"><span style=\"color: #003366;\">Un kilogramo de gas refrigerante puede emitir a la atmosfera hasta 1,8 Toneladas de CO2, estos gases se encuentran presentes\u00a0\u00a0 en los Residuos de Aparatos el\u00e9ctricos y electr\u00f3nicos derivados en equipos de refrigeraci\u00f3n, las Toneladas equivalentes de CO2 es la cantidad de gases de efecto invernadero con potencial de generar calentamiento Global y contribuir al cambio clim\u00e1tico. Por cada nevera que se dispone de manera inadecuada se puede estar liberando en TON de CO2 lo equivalente a lo que se libera durante vuelo Bogot\u00e1 \u2013 Madrid, la emisi\u00f3n de estos gases es irreversible.<\/span><\/h2>\n<p>\u00a0<\/p>\n<h2><span style=\"color: #003366;\"><!-- \/wp:paragraph --><!-- wp:paragraph --><\/span><\/h2>\n<h1 style=\"text-align: center;\"><a href=\"https:\/\/gotasparaoxigenar.com\/?page_id=1107\"><strong><span style=\"color: #003366;\">LUMINARIAS<\/span><\/strong><\/a><\/h1>\n<p>\u00a0<\/p>\n<h2><span style=\"color: #003366;\"><!-- \/wp:paragraph --><!-- wp:paragraph --><\/span><\/h2>\n<h2 style=\"text-align: justify;\"><span style=\"color: #003366;\">Teniendo en cuenta que 1 luminaria contiene en su interior un aproximado de 5 miligramos de mercurio, es importante evitar que este compuesto en forma de gas se libere a la atmosfera o que entre en contacto con las v\u00edas respiratorias humanas, es altamente t\u00f3xico y f\u00e1cilmente transportable de un organismo a otro, cuando el mercurio llega a las fuentes de agua, los peces absorben su toxicidad.<\/span><\/h2>\n<p>\u00a0<\/p>\n<h2><span style=\"color: #003366;\"><!-- \/wp:paragraph --><!-- wp:paragraph --><\/span><\/h2>\n<h1 style=\"text-align: center;\"><a href=\"https:\/\/gotasparaoxigenar.com\/?page_id=1108\"><span style=\"color: #003366;\">PILAS<\/span><\/a><\/h1>\n<p>\u00a0<\/p>\n<h2><span style=\"color: #003366;\"><!-- \/wp:paragraph --><!-- wp:paragraph --><\/span><\/h2>\n<h2 style=\"text-align: justify;\"><span style=\"color: #003366;\">Teniendo en cuenta que 1 pila triple A convencional puede contaminar 60m3 de agua, se podr\u00eda afirmar que solo 40 pilas de estas, dispuestas de manera inadecuada, podr\u00edan contaminar a toda una piscina ol\u00edmpica, por eso es importante disponerla de una manera ambientalmente segura mediante el gestor autorizado. \u00a0\u00a0\u00a0\u00a0\u00a0\u00a0\u00a0\u00a0\u00a0\u00a0\u00a0\u00a0\u00a0\u00a0\u00a0\u00a0<\/span><\/h2>\n<p>\u00a0<\/p>\n<h2><span style=\"color: #003366;\"><!-- \/wp:paragraph --><!-- wp:paragraph --><\/span><\/h2>\n<h1 style=\"text-align: center;\"><a href=\"https:\/\/gotasparaoxigenar.com\/?page_id=1109\"><strong><span style=\"color: #003366;\">BATER\u00cdAS DE PLOMO ACIDO<\/span><\/strong><\/a><\/h1>\n<p>\u00a0<\/p>\n<h2><span style=\"color: #003366;\"><!-- \/wp:paragraph --><!-- wp:paragraph --><\/span><\/h2>\n<h2 style=\"text-align: justify;\"><span style=\"color: #003366;\">Estas poseen dos sustancias peligrosas, el electrolito \u00e1cido que es corrosivo y el plomo disuelto que puede causar quemaduras en la piel y en los ojos, la exposici\u00f3n al plomo puede provocar anemia y problemas en el sistema nervioso central, cuyas consecuencias van desde sutiles cambios psicol\u00f3gicos y de comportamiento hasta graves efectos neurol\u00f3gicos, la prolongada inhalaci\u00f3n de plomo puede provocar convulsiones, estado de coma y fallecimiento, por lo cual es importante darles\u00a0 una disposici\u00f3n adecuada y ambientalmente segura.<\/span><\/h2>\n<!-- \/wp:paragraph -->\t\t\t\t\t\t<\/div>\n\t\t\t\t<\/div>\n\t\t\t\t\t<\/div>\n\t\t<\/div>\n\t\t\t\t\t\t\t<\/div>\n\t\t<\/section>\n\t\t\t\t\t\t\t<\/div>\n\t\t","protected":false},"excerpt":{"rendered":"<p>RAEES RESIDUOS DE APARATOS EL\u00c9CTRICOS Y ELECTR\u00d3NICOS \u00a0 Los computadores y partes en desuso por ejemplo, contienen sustancias peligrosas como mercurio, plomo, cadmio y cromo, por lo que, sin un tratamiento adecuado, podr\u00edan afectar la salud humana y contaminar el ambiente dr\u00e1sticamente. Un kilogramo de gas refrigerante puede emitir a la atmosfera hasta 1,8 Toneladas [&hellip;]<\/p>\n","protected":false},"author":1,"featured_media":0,"parent":0,"menu_order":0,"comment_status":"closed","ping_status":"closed","template":"elementor_header_footer","meta":{"ocean_post_layout":"","ocean_both_sidebars_style":"","ocean_both_sidebars_content_width":0,"ocean_both_sidebars_sidebars_width":0,"ocean_sidebar":"0","ocean_second_sidebar":"0","ocean_disable_margins":"enable","ocean_add_body_class":"","ocean_shortcode_before_top_bar":"","ocean_shortcode_after_top_bar":"","ocean_shortcode_before_header":"","ocean_shortcode_after_header":"","ocean_has_shortcode":"","ocean_shortcode_after_title":"","ocean_shortcode_before_footer_widgets":"","ocean_shortcode_after_footer_widgets":"","ocean_shortcode_before_footer_bottom":"","ocean_shortcode_after_footer_bottom":"","ocean_display_top_bar":"default","ocean_display_header":"on","ocean_header_style":"top","ocean_center_header_left_menu":"0","ocean_custom_header_template":"0","ocean_custom_logo":0,"ocean_custom_retina_logo":0,"ocean_custom_logo_max_width":0,"ocean_custom_logo_tablet_max_width":0,"ocean_custom_logo_mobile_max_width":0,"ocean_custom_logo_max_height":0,"ocean_custom_logo_tablet_max_height":0,"ocean_custom_logo_mobile_max_height":0,"ocean_header_custom_menu":"0","ocean_menu_typo_font_family":"0","ocean_menu_typo_font_subset":"","ocean_menu_typo_font_size":0,"ocean_menu_typo_font_size_tablet":0,"ocean_menu_typo_font_size_mobile":0,"ocean_menu_typo_font_size_unit":"px","ocean_menu_typo_font_weight":"","ocean_menu_typo_font_weight_tablet":"","ocean_menu_typo_font_weight_mobile":"","ocean_menu_typo_transform":"","ocean_menu_typo_transform_tablet":"","ocean_menu_typo_transform_mobile":"","ocean_menu_typo_line_height":0,"ocean_menu_typo_line_height_tablet":0,"ocean_menu_typo_line_height_mobile":0,"ocean_menu_typo_line_height_unit":"","ocean_menu_typo_spacing":0,"ocean_menu_typo_spacing_tablet":0,"ocean_menu_typo_spacing_mobile":0,"ocean_menu_typo_spacing_unit":"","ocean_menu_link_color":"","ocean_menu_link_color_hover":"","ocean_menu_link_color_active":"","ocean_menu_link_background":"","ocean_menu_link_hover_background":"","ocean_menu_link_active_background":"","ocean_menu_social_links_bg":"","ocean_menu_social_hover_links_bg":"","ocean_menu_social_links_color":"","ocean_menu_social_hover_links_color":"","ocean_disable_title":"default","ocean_disable_heading":"default","ocean_post_title":"","ocean_post_subheading":"","ocean_post_title_style":"","ocean_post_title_background_color":"","ocean_post_title_background":0,"ocean_post_title_bg_image_position":"","ocean_post_title_bg_image_attachment":"","ocean_post_title_bg_image_repeat":"","ocean_post_title_bg_image_size":"","ocean_post_title_height":0,"ocean_post_title_bg_overlay":0.5,"ocean_post_title_bg_overlay_color":"","ocean_disable_breadcrumbs":"default","ocean_breadcrumbs_color":"","ocean_breadcrumbs_separator_color":"","ocean_breadcrumbs_links_color":"","ocean_breadcrumbs_links_hover_color":"","ocean_display_footer_widgets":"default","ocean_display_footer_bottom":"default","ocean_custom_footer_template":"0"},"_links":{"self":[{"href":"https:\/\/gotasparaoxigenar.com\/index.php?rest_route=\/wp\/v2\/pages\/739"}],"collection":[{"href":"https:\/\/gotasparaoxigenar.com\/index.php?rest_route=\/wp\/v2\/pages"}],"about":[{"href":"https:\/\/gotasparaoxigenar.com\/index.php?rest_route=\/wp\/v2\/types\/page"}],"author":[{"embeddable":true,"href":"https:\/\/gotasparaoxigenar.com\/index.php?rest_route=\/wp\/v2\/users\/1"}],"replies":[{"embeddable":true,"href":"https:\/\/gotasparaoxigenar.com\/index.php?rest_route=%2Fwp%2Fv2%2Fcomments&post=739"}],"version-history":[{"count":10,"href":"https:\/\/gotasparaoxigenar.com\/index.php?rest_route=\/wp\/v2\/pages\/739\/revisions"}],"predecessor-version":[{"id":1603,"href":"https:\/\/gotasparaoxigenar.com\/index.php?rest_route=\/wp\/v2\/pages\/739\/revisions\/1603"}],"wp:attachment":[{"href":"https:\/\/gotasparaoxigenar.com\/index.php?rest_route=%2Fwp%2Fv2%2Fmedia&parent=739"}],"curies":[{"name":"wp","href":"https:\/\/api.w.org\/{rel}","templated":true}]}}