{"id":741,"date":"2021-05-10T16:01:33","date_gmt":"2021-05-10T21:01:33","guid":{"rendered":"https:\/\/gotasparaoxigenar.com\/?page_id=741"},"modified":"2021-06-08T14:15:00","modified_gmt":"2021-06-08T19:15:00","slug":"nuestro-compromiso-con-los-objetivos-de-desarrollo-sostenible-ods","status":"publish","type":"page","link":"https:\/\/gotasparaoxigenar.com\/?page_id=741","title":{"rendered":"NUESTRO COMPROMISO CON LOS OBJETIVOS DE DESARROLLO SOSTENIBLE ODS"},"content":{"rendered":"\t\t<div data-elementor-type=\"wp-page\" data-elementor-id=\"741\" class=\"elementor elementor-741\">\n\t\t\t\t\t\t\t\t\t<section class=\"elementor-section elementor-top-section elementor-element elementor-element-461c745 elementor-section-boxed elementor-section-height-default elementor-section-height-default\" data-id=\"461c745\" data-element_type=\"section\">\n\t\t\t\t\t\t<div class=\"elementor-container elementor-column-gap-default\">\n\t\t\t\t\t<div class=\"elementor-column elementor-col-100 elementor-top-column elementor-element elementor-element-e3a24bc\" data-id=\"e3a24bc\" data-element_type=\"column\">\n\t\t\t<div class=\"elementor-widget-wrap elementor-element-populated\">\n\t\t\t\t\t\t\t\t<div class=\"elementor-element elementor-element-7bb477b elementor-widget elementor-widget-image\" data-id=\"7bb477b\" data-element_type=\"widget\" data-settings=\"{&quot;motion_fx_motion_fx_mouse&quot;:&quot;yes&quot;,&quot;motion_fx_mouseTrack_effect&quot;:&quot;yes&quot;,&quot;motion_fx_tilt_effect&quot;:&quot;yes&quot;,&quot;motion_fx_mouseTrack_speed&quot;:{&quot;unit&quot;:&quot;px&quot;,&quot;size&quot;:1,&quot;sizes&quot;:[]},&quot;motion_fx_tilt_speed&quot;:{&quot;unit&quot;:&quot;px&quot;,&quot;size&quot;:4,&quot;sizes&quot;:[]}}\" data-widget_type=\"image.default\">\n\t\t\t\t<div class=\"elementor-widget-container\">\n\t\t\t\t\t\t\t\t\t\t\t\t\t\t\t<img width=\"337\" height=\"150\" src=\"https:\/\/gotasparaoxigenar.com\/wp-content\/uploads\/2021\/05\/objetivos-ods.jpg\" class=\"attachment-medium_large size-medium_large\" alt=\"\" loading=\"lazy\" srcset=\"https:\/\/gotasparaoxigenar.com\/wp-content\/uploads\/2021\/05\/objetivos-ods.jpg 337w, https:\/\/gotasparaoxigenar.com\/wp-content\/uploads\/2021\/05\/objetivos-ods-300x134.jpg 300w\" sizes=\"(max-width: 337px) 100vw, 337px\" \/>\t\t\t\t\t\t\t\t\t\t\t\t\t\t\t<\/div>\n\t\t\t\t<\/div>\n\t\t\t\t\t<\/div>\n\t\t<\/div>\n\t\t\t\t\t\t\t<\/div>\n\t\t<\/section>\n\t\t\t\t<section class=\"elementor-section elementor-top-section elementor-element elementor-element-61bf194 elementor-section-boxed elementor-section-height-default elementor-section-height-default\" data-id=\"61bf194\" data-element_type=\"section\">\n\t\t\t\t\t\t<div class=\"elementor-container elementor-column-gap-default\">\n\t\t\t\t\t<div class=\"elementor-column elementor-col-100 elementor-top-column elementor-element elementor-element-4229af2c\" data-id=\"4229af2c\" data-element_type=\"column\">\n\t\t\t<div class=\"elementor-widget-wrap elementor-element-populated\">\n\t\t\t\t\t\t\t\t<div class=\"elementor-element elementor-element-5ad9bf8a elementor-widget elementor-widget-text-editor\" data-id=\"5ad9bf8a\" data-element_type=\"widget\" data-widget_type=\"text-editor.default\">\n\t\t\t\t<div class=\"elementor-widget-container\">\n\t\t\t\t\t\t\t<!-- wp:paragraph -->\n<p>\u00a0<\/p>\n<!-- \/wp:paragraph --><!-- wp:group -->\n<div class=\"wp-block-group\">\n<div class=\"wp-block-group__inner-container\" style=\"text-align: justify;\"><!-- wp:pullquote -->\n<figure class=\"wp-block-pullquote\">\n<blockquote>\n<p><span style=\"color: #003366;\"><strong>Desde el a\u00f1o 2015 los l\u00edderes mundiales congregados a trav\u00e9s de la Organizaci\u00f3n de las Naciones Unidas ONU, adoptaron un conjunto de objetivos globales para erradicar la pobreza, proteger el planeta y asegurar la prosperidad para todos como parte de una nueva agenda de desarrollo sostenible.<\/strong><\/span><\/p>\n<\/blockquote>\n<\/figure>\n<!-- \/wp:pullquote --><!-- wp:preformatted {\"fontSize\":\"medium\"} -->\n<h2 class=\"wp-block-preformatted has-medium-font-size\"><span style=\"color: #003366;\"><strong>Estos objetivos Conocidos como los ODS (Objetivos de Desarrollo Sostenible) incluyen esferas de inter\u00e9s ambiental como el cambio clim\u00e1tico, el acceso a la educaci\u00f3n, el consumo sostenible y el manejo responsable de los residuos s\u00f3lidos; en\u00a0 funci\u00f3n de posibilitar que los gobiernos, empresas, grupos sociales y actores territoriales a nivel global puedan ofrecer mejores opciones para mejorar la calidad de vida de una manera sostenible, garantizando el disfrute de los bienes naturales a las generaciones futuras.<\/strong><\/span><\/h2>\n<h2><span style=\"color: #003366;\"><!-- \/wp:preformatted --><!-- wp:verse {\"fontSize\":\"medium\"} --><\/span><\/h2>\n<h2 class=\"wp-block-verse has-medium-font-size\"><span style=\"color: #003366;\"><strong>El Informe de la Secretaria General de la ONU del a\u00f1o 2018 establece como una prioridad la reducci\u00f3n al m\u00e1ximo de los residuos, \u00a0teniendo en cuenta que ha venido aumentado la proporci\u00f3n de residuos peligrosos procedentes de los hogares, las industrias y las empresas, por lo que es fundamental la promoci\u00f3n de la eliminaci\u00f3n, el tratamiento y el reciclado; por lo que urge concienciar a las personas frente a la necesidad de una gesti\u00f3n asertiva de sus residuos s\u00f3lidos desde la fuente de generaci\u00f3n y en todo el ciclo de manejo desde una perspectiva sostenible.<\/strong><\/span><\/h2>\n<h2><span style=\"color: #003366;\"><!-- \/wp:verse --><!-- wp:verse {\"fontSize\":\"medium\"} --><\/span><\/h2>\n<h2 class=\"wp-block-verse has-medium-font-size\"><span style=\"color: #003366;\"><strong>Este enfoque espera lograr que los residuos y el uso de materias primas se reduzcan al m\u00ednimo, y que los recursos se conserven dentro de la econom\u00eda cuando un producto ha llegado al final de su vida \u00fatil, con el fin de volverlos a utilizar repetidamente y seguir creando valor, as\u00ed se logra que el valor de los productos y materiales se mantengan durante el mayor tiempo posible en el ciclo productivo.\u00a0\u00a0\u00a0\u00a0\u00a0\u00a0<\/strong>\u00a0\u00a0\u00a0\u00a0\u00a0\u00a0\u00a0\u00a0\u00a0\u00a0\u00a0<\/span><\/h2>\n<h2><span style=\"color: #003366;\"><!-- \/wp:verse --><!-- wp:verse {\"fontSize\":\"medium\"} --><\/span><\/h2>\n<h2 class=\"wp-block-verse has-medium-font-size\"><span style=\"color: #003366;\"><strong>Por su parte, CI Metales la Uni\u00f3n SAS aporta al cumplimiento de los Objetivos de Desarrollo Sostenible en la medida que se convierte en un eslab\u00f3n fundamental para materializar la estrategia nacional de econom\u00eda circular.<\/strong><\/span><\/h2>\n<!-- \/wp:verse --><\/div>\n<\/div>\n<!-- \/wp:group -->\t\t\t\t\t\t<\/div>\n\t\t\t\t<\/div>\n\t\t\t\t\t<\/div>\n\t\t<\/div>\n\t\t\t\t\t\t\t<\/div>\n\t\t<\/section>\n\t\t\t\t<section class=\"elementor-section elementor-top-section elementor-element elementor-element-1254c1d elementor-section-boxed elementor-section-height-default elementor-section-height-default\" data-id=\"1254c1d\" data-element_type=\"section\">\n\t\t\t\t\t\t<div class=\"elementor-container elementor-column-gap-default\">\n\t\t\t\t\t<div class=\"elementor-column elementor-col-100 elementor-top-column elementor-element elementor-element-47ef442\" data-id=\"47ef442\" data-element_type=\"column\">\n\t\t\t<div class=\"elementor-widget-wrap elementor-element-populated\">\n\t\t\t\t\t\t\t\t<div class=\"elementor-element elementor-element-0002c8a elementor-arrows-position-inside elementor-pagination-position-outside elementor-widget elementor-widget-image-carousel\" data-id=\"0002c8a\" data-element_type=\"widget\" data-settings=\"{&quot;slides_to_show&quot;:&quot;3&quot;,&quot;navigation&quot;:&quot;both&quot;,&quot;autoplay&quot;:&quot;yes&quot;,&quot;pause_on_hover&quot;:&quot;yes&quot;,&quot;pause_on_interaction&quot;:&quot;yes&quot;,&quot;autoplay_speed&quot;:5000,&quot;infinite&quot;:&quot;yes&quot;,&quot;speed&quot;:500}\" data-widget_type=\"image-carousel.default\">\n\t\t\t\t<div class=\"elementor-widget-container\">\n\t\t\t\t\t<div class=\"elementor-image-carousel-wrapper swiper-container\" dir=\"ltr\">\n\t\t\t<div class=\"elementor-image-carousel swiper-wrapper\">\n\t\t\t\t\t\t\t\t<div class=\"swiper-slide\"><figure class=\"swiper-slide-inner\"><img class=\"swiper-slide-image\" src=\"https:\/\/gotasparaoxigenar.com\/wp-content\/uploads\/2021\/05\/logo11-1.jpeg\" alt=\"logo11\" \/><\/figure><\/div><div class=\"swiper-slide\"><figure class=\"swiper-slide-inner\"><img class=\"swiper-slide-image\" src=\"https:\/\/gotasparaoxigenar.com\/wp-content\/uploads\/2021\/05\/WhatsApp-Image-2021-05-14-at-10.18.07-AM-300x300.jpeg\" alt=\"WhatsApp Image 2021-05-14 at 10.18.07 AM\" \/><\/figure><\/div><div class=\"swiper-slide\"><figure class=\"swiper-slide-inner\"><img class=\"swiper-slide-image\" src=\"https:\/\/gotasparaoxigenar.com\/wp-content\/uploads\/2021\/05\/WhatsApp-Image-2021-05-14-at-10.18.59-AM-300x300.jpeg\" alt=\"WhatsApp Image 2021-05-14 at 10.18.59 AM\" \/><\/figure><\/div><div class=\"swiper-slide\"><figure class=\"swiper-slide-inner\"><img class=\"swiper-slide-image\" src=\"https:\/\/gotasparaoxigenar.com\/wp-content\/uploads\/2021\/05\/WhatsApp-Image-2021-05-14-at-10.19.46-AM-300x300.jpeg\" alt=\"WhatsApp Image 2021-05-14 at 10.19.46 AM\" \/><\/figure><\/div>\t\t\t<\/div>\n\t\t\t\t\t\t\t\t\t\t\t\t<div class=\"swiper-pagination\"><\/div>\n\t\t\t\t\t\t\t\t\t\t\t\t\t<div class=\"elementor-swiper-button elementor-swiper-button-prev\">\n\t\t\t\t\t\t<i aria-hidden=\"true\" class=\"eicon-chevron-left\"><\/i>\t\t\t\t\t\t<span class=\"elementor-screen-only\">Anterior<\/span>\n\t\t\t\t\t<\/div>\n\t\t\t\t\t<div class=\"elementor-swiper-button elementor-swiper-button-next\">\n\t\t\t\t\t\t<i aria-hidden=\"true\" class=\"eicon-chevron-right\"><\/i>\t\t\t\t\t\t<span class=\"elementor-screen-only\">Siguiente<\/span>\n\t\t\t\t\t<\/div>\n\t\t\t\t\t\t\t\t\t<\/div>\n\t\t\t\t<\/div>\n\t\t\t\t<\/div>\n\t\t\t\t\t<\/div>\n\t\t<\/div>\n\t\t\t\t\t\t\t<\/div>\n\t\t<\/section>\n\t\t\t\t\t\t\t<\/div>\n\t\t","protected":false},"excerpt":{"rendered":"<p>\u00a0 Anterior Siguiente<\/p>\n","protected":false},"author":1,"featured_media":0,"parent":0,"menu_order":0,"comment_status":"closed","ping_status":"closed","template":"elementor_header_footer","meta":{"ocean_post_layout":"","ocean_both_sidebars_style":"","ocean_both_sidebars_content_width":0,"ocean_both_sidebars_sidebars_width":0,"ocean_sidebar":"0","ocean_second_sidebar":"0","ocean_disable_margins":"enable","ocean_add_body_class":"","ocean_shortcode_before_top_bar":"","ocean_shortcode_after_top_bar":"","ocean_shortcode_before_header":"","ocean_shortcode_after_header":"","ocean_has_shortcode":"","ocean_shortcode_after_title":"","ocean_shortcode_before_footer_widgets":"","ocean_shortcode_after_footer_widgets":"","ocean_shortcode_before_footer_bottom":"","ocean_shortcode_after_footer_bottom":"","ocean_display_top_bar":"default","ocean_display_header":"default","ocean_header_style":"top","ocean_center_header_left_menu":"0","ocean_custom_header_template":"0","ocean_custom_logo":0,"ocean_custom_retina_logo":0,"ocean_custom_logo_max_width":0,"ocean_custom_logo_tablet_max_width":0,"ocean_custom_logo_mobile_max_width":0,"ocean_custom_logo_max_height":0,"ocean_custom_logo_tablet_max_height":0,"ocean_custom_logo_mobile_max_height":0,"ocean_header_custom_menu":"0","ocean_menu_typo_font_family":"0","ocean_menu_typo_font_subset":"","ocean_menu_typo_font_size":0,"ocean_menu_typo_font_size_tablet":0,"ocean_menu_typo_font_size_mobile":0,"ocean_menu_typo_font_size_unit":"px","ocean_menu_typo_font_weight":"","ocean_menu_typo_font_weight_tablet":"","ocean_menu_typo_font_weight_mobile":"","ocean_menu_typo_transform":"","ocean_menu_typo_transform_tablet":"","ocean_menu_typo_transform_mobile":"","ocean_menu_typo_line_height":0,"ocean_menu_typo_line_height_tablet":0,"ocean_menu_typo_line_height_mobile":0,"ocean_menu_typo_line_height_unit":"","ocean_menu_typo_spacing":0,"ocean_menu_typo_spacing_tablet":0,"ocean_menu_typo_spacing_mobile":0,"ocean_menu_typo_spacing_unit":"","ocean_menu_link_color":"","ocean_menu_link_color_hover":"","ocean_menu_link_color_active":"","ocean_menu_link_background":"","ocean_menu_link_hover_background":"","ocean_menu_link_active_background":"","ocean_menu_social_links_bg":"","ocean_menu_social_hover_links_bg":"","ocean_menu_social_links_color":"","ocean_menu_social_hover_links_color":"","ocean_disable_title":"default","ocean_disable_heading":"default","ocean_post_title":"","ocean_post_subheading":"","ocean_post_title_style":"","ocean_post_title_background_color":"","ocean_post_title_background":0,"ocean_post_title_bg_image_position":"","ocean_post_title_bg_image_attachment":"","ocean_post_title_bg_image_repeat":"","ocean_post_title_bg_image_size":"","ocean_post_title_height":0,"ocean_post_title_bg_overlay":0.5,"ocean_post_title_bg_overlay_color":"","ocean_disable_breadcrumbs":"default","ocean_breadcrumbs_color":"","ocean_breadcrumbs_separator_color":"","ocean_breadcrumbs_links_color":"","ocean_breadcrumbs_links_hover_color":"","ocean_display_footer_widgets":"default","ocean_display_footer_bottom":"default","ocean_custom_footer_template":"0"},"_links":{"self":[{"href":"https:\/\/gotasparaoxigenar.com\/index.php?rest_route=\/wp\/v2\/pages\/741"}],"collection":[{"href":"https:\/\/gotasparaoxigenar.com\/index.php?rest_route=\/wp\/v2\/pages"}],"about":[{"href":"https:\/\/gotasparaoxigenar.com\/index.php?rest_route=\/wp\/v2\/types\/page"}],"author":[{"embeddable":true,"href":"https:\/\/gotasparaoxigenar.com\/index.php?rest_route=\/wp\/v2\/users\/1"}],"replies":[{"embeddable":true,"href":"https:\/\/gotasparaoxigenar.com\/index.php?rest_route=%2Fwp%2Fv2%2Fcomments&post=741"}],"version-history":[{"count":26,"href":"https:\/\/gotasparaoxigenar.com\/index.php?rest_route=\/wp\/v2\/pages\/741\/revisions"}],"predecessor-version":[{"id":1641,"href":"https:\/\/gotasparaoxigenar.com\/index.php?rest_route=\/wp\/v2\/pages\/741\/revisions\/1641"}],"wp:attachment":[{"href":"https:\/\/gotasparaoxigenar.com\/index.php?rest_route=%2Fwp%2Fv2%2Fmedia&parent=741"}],"curies":[{"name":"wp","href":"https:\/\/api.w.org\/{rel}","templated":true}]}}