{"id":760,"date":"2021-05-10T16:12:36","date_gmt":"2021-05-10T21:12:36","guid":{"rendered":"https:\/\/gotasparaoxigenar.com\/?page_id=760"},"modified":"2021-06-08T14:14:04","modified_gmt":"2021-06-08T19:14:04","slug":"estrategia-de-responsabilidad-social-y-ambiental","status":"publish","type":"page","link":"https:\/\/gotasparaoxigenar.com\/?page_id=760","title":{"rendered":"ESTRATEGIA DE RESPONSABILIDAD SOCIAL Y AMBIENTAL"},"content":{"rendered":"\t\t<div data-elementor-type=\"wp-page\" data-elementor-id=\"760\" class=\"elementor elementor-760\">\n\t\t\t\t\t\t\t\t\t<section class=\"elementor-section elementor-top-section elementor-element elementor-element-3e52a1b elementor-section-boxed elementor-section-height-default elementor-section-height-default\" data-id=\"3e52a1b\" data-element_type=\"section\">\n\t\t\t\t\t\t<div class=\"elementor-container elementor-column-gap-default\">\n\t\t\t\t\t<div class=\"elementor-column elementor-col-100 elementor-top-column elementor-element elementor-element-14b5cdd2\" data-id=\"14b5cdd2\" data-element_type=\"column\">\n\t\t\t<div class=\"elementor-widget-wrap elementor-element-populated\">\n\t\t\t\t\t\t\t\t<div class=\"elementor-element elementor-element-5b496c01 elementor-widget elementor-widget-text-editor\" data-id=\"5b496c01\" data-element_type=\"widget\" data-widget_type=\"text-editor.default\">\n\t\t\t\t<div class=\"elementor-widget-container\">\n\t\t\t\t\t\t\t<!-- wp:image {\"id\":908,\"width\":640,\"height\":480,\"sizeSlug\":\"large\",\"linkDestination\":\"none\"} -->\n<figure class=\"wp-block-image size-large is-resized\"><img loading=\"lazy\" class=\"wp-image-908\" src=\"https:\/\/gotasparaoxigenar.com\/wp-content\/uploads\/2021\/05\/20170909_092047-scaled.jpg\" alt=\"\" width=\"640\" height=\"480\" srcset=\"https:\/\/gotasparaoxigenar.com\/wp-content\/uploads\/2021\/05\/20170909_092047-scaled.jpg 2560w, https:\/\/gotasparaoxigenar.com\/wp-content\/uploads\/2021\/05\/20170909_092047-300x225.jpg 300w\" sizes=\"(max-width: 640px) 100vw, 640px\" \/><\/figure>\n<!-- \/wp:image --><!-- wp:group -->\n<div class=\"wp-block-group\">\n<div class=\"wp-block-group__inner-container\"><!-- wp:group -->\n<div class=\"wp-block-group\">\n<div class=\"wp-block-group__inner-container\"><!-- wp:paragraph {\"fontSize\":\"huge\"} -->\n<h2 class=\"has-huge-font-size\" style=\"text-align: center;\"><span style=\"color: #003366;\"><strong>C.I METALES LA UNION S.A.S<\/strong><\/span><\/h2>\n<h2 style=\"text-align: center;\"><span style=\"color: #003366;\"><!-- \/wp:paragraph --><!-- wp:paragraph {\"fontSize\":\"large\"} --><\/span><\/h2>\n<h2 class=\"has-large-font-size\" style=\"text-align: center;\"><span style=\"color: #003366;\"><strong>&#8220;GOTAS PARA OXIGENAR&#8221;<\/strong><\/span><\/h2>\n<h2><span style=\"color: #003366;\"><!-- \/wp:paragraph --><!-- wp:paragraph {\"fontSize\":\"medium\"} --><\/span><\/h2>\n<h2 class=\"has-medium-font-size\" style=\"text-align: justify;\"><span style=\"color: #003366;\"><strong>El gestor ambiental C.I Metales la uni\u00f3n S.A.S ha decidido implementar una estrategia de responsabilidad social y ambiental dirigida a la conservaci\u00f3n del ambiente y al mejoramiento de la calidad de vida de la comunidad que hace parte de la zona de influencia de la empresa, con la participaci\u00f3n de empresas p\u00fablicas y privadas que generen residuos peligrosos y los dispongan finalmente de una manera ambientalmente segura.<\/strong><\/span><\/h2>\n<h2><span style=\"color: #003366;\"><!-- \/wp:paragraph --><!-- wp:paragraph {\"fontSize\":\"medium\"} --><\/span><\/h2>\n<h2 class=\"has-medium-font-size\" style=\"text-align: justify;\"><span style=\"color: #003366;\"><strong>Por cada kilogramo de residuo que las empresas generadoras dispongan con C.I. Metales la Uni\u00f3n S.A.S. se destinar\u00e1 un valor econ\u00f3mico representado simb\u00f3licamente en\u00a0 Gotas de Oxigeno que se ir\u00e1n acumulando en cada recolecci\u00f3n y ser\u00e1n redimidas al finalizar el a\u00f1o para destinarse en diferentes programas de inversi\u00f3n social y ambiental, las empresas generadoras podr\u00e1n decidir sobre el\u00a0 grupo de inter\u00e9s al que quieren dirigir la inversi\u00f3n y el programa que m\u00e1s se acomode a sus expectativas de impacto, entre las siguientes propuestas:<\/strong><\/span><\/h2>\n<h2><span style=\"color: #003366;\"><!-- \/wp:paragraph --><!-- wp:list {\"fontSize\":\"medium\"} --><\/span><\/h2>\n<ul class=\"has-medium-font-size\">\n<li>\n<h2><span style=\"color: #003366;\">Conservaci\u00f3n de flora y fauna silvestre.<\/span><\/h2>\n<\/li>\n<\/ul>\n<h2><span style=\"color: #003366;\"><!-- \/wp:list --><!-- wp:list {\"fontSize\":\"medium\"} --><\/span><\/h2>\n<ul class=\"has-medium-font-size\">\n<li>\n<h2><span style=\"color: #003366;\">Mejoramiento de capacidades alimentarias de madres cabeza de hogar.<\/span><\/h2>\n<\/li>\n<\/ul>\n<h2><span style=\"color: #003366;\"><!-- \/wp:list --><!-- wp:list {\"fontSize\":\"medium\"} --><\/span><\/h2>\n<ul class=\"has-medium-font-size\">\n<li>\n<h2><span style=\"color: #003366;\">Apoyo al bienestar de animales en condici\u00f3n de calle.<\/span><\/h2>\n<\/li>\n<\/ul>\n<h2><span style=\"color: #003366;\"><!-- \/wp:list --><!-- wp:list {\"fontSize\":\"medium\"} --><\/span><\/h2>\n<ul class=\"has-medium-font-size\">\n<li>\n<h2><span style=\"color: #003366;\">Siembra de \u00e1rboles para la mitigaci\u00f3n del cambio clim\u00e1tico.<\/span><\/h2>\n<\/li>\n<\/ul>\n<h2><span style=\"color: #003366;\"><!-- \/wp:list --><!-- wp:list {\"fontSize\":\"medium\"} --><\/span><\/h2>\n<ul class=\"has-medium-font-size\">\n<li>\n<h2><span style=\"color: #003366;\">Apoyo humanitario en emergencias y desastres naturales.<\/span><\/h2>\n<\/li>\n<\/ul>\n<h2><span style=\"color: #003366;\"><!-- \/wp:list --><!-- wp:list {\"fontSize\":\"medium\"} --><\/span><\/h2>\n<ul class=\"has-medium-font-size\">\n<li>\n<h2><span style=\"color: #003366;\">Aporte al mejoramiento de la calidad de vida de ni\u00f1os y ni\u00f1as vulnerables.<\/span><\/h2>\n<\/li>\n<\/ul>\n<h2><span style=\"color: #003366;\"><!-- \/wp:list --><!-- wp:paragraph --><\/span><\/h2>\n<h2>\u00a0<\/h2>\n<h2><span style=\"color: #003366;\"><!-- \/wp:paragraph --><!-- wp:paragraph {\"fontSize\":\"medium\"} --><\/span><\/h2>\n<h2 class=\"has-medium-font-size\" style=\"text-align: justify;\"><span style=\"color: #003366;\"><strong>Somos conscientes de que la estrategia de responsabilidad social y ambiental no es suficiente para resolver las problem\u00e1ticas estructurales de la sociedad, sin embargo juntos podemos ayudar a oxigenar algunos de los problemas m\u00e1s evidentes, para aportar al mejoramiento de la calidad de vida de las comunidades vulnerables y a la protecci\u00f3n ambiental, al mismo tiempo que las empresas generadoras dan cumplimiento a la normatividad ambiental referente a la adecuada disposici\u00f3n de sus residuos peligrosos a trav\u00e9s de un gestor ambiental autorizado que cuenta con las condiciones t\u00e9cnicas y operativas que tienen lugar<\/strong>.<\/span><\/h2>\n<h2><span style=\"color: #003366;\"><!-- \/wp:paragraph --><!-- wp:paragraph --><\/span><\/h2>\n<h2>\u00a0<\/h2>\n<h2><span style=\"color: #003366;\"><!-- \/wp:paragraph --><\/span><\/h2>\n<\/div>\n<\/div>\n<h2><span style=\"color: #003366;\"><!-- \/wp:group --><\/span><\/h2>\n<\/div>\n<\/div>\n<h2><span style=\"color: #003366;\"><!-- \/wp:group --><!-- wp:paragraph --><\/span><\/h2>\n<h2>\u00a0<\/h2>\n<h2><span style=\"color: #003366;\"><!-- \/wp:paragraph --><!-- wp:gallery {\"ids\":[913,911,909,907,906],\"linkTo\":\"none\"} --><\/span><\/h2>\n<figure class=\"wp-block-gallery columns-3 is-cropped\">\n<ul class=\"blocks-gallery-grid\">\n<li class=\"blocks-gallery-item\">\n<h2><span style=\"color: #003366;\"><img loading=\"lazy\" width=\"1024\" height=\"682\" class=\"wp-image-913\" src=\"https:\/\/gotasparaoxigenar.com\/wp-content\/uploads\/2021\/05\/IMG-20170906-WA0007-1-1024x682.jpg\" alt=\"\" data-id=\"913\" data-full-url=\"https:\/\/gotasparaoxigenar.com\/wp-content\/uploads\/2021\/05\/IMG-20170906-WA0007-1.jpg\" data-link=\"https:\/\/gotasparaoxigenar.com\/?attachment_id=913\" srcset=\"https:\/\/gotasparaoxigenar.com\/wp-content\/uploads\/2021\/05\/IMG-20170906-WA0007-1-1024x682.jpg 1024w, https:\/\/gotasparaoxigenar.com\/wp-content\/uploads\/2021\/05\/IMG-20170906-WA0007-1-300x200.jpg 300w, https:\/\/gotasparaoxigenar.com\/wp-content\/uploads\/2021\/05\/IMG-20170906-WA0007-1-768x512.jpg 768w, https:\/\/gotasparaoxigenar.com\/wp-content\/uploads\/2021\/05\/IMG-20170906-WA0007-1.jpg 1280w\" sizes=\"(max-width: 1024px) 100vw, 1024px\" \/><\/span><\/h2>\n<\/li>\n<li class=\"blocks-gallery-item\">\n<h2><span style=\"color: #003366;\"><img loading=\"lazy\" width=\"2560\" height=\"1706\" class=\"wp-image-911\" src=\"https:\/\/gotasparaoxigenar.com\/wp-content\/uploads\/2021\/05\/MG_5945-1-scaled.jpg\" alt=\"\" data-id=\"911\" data-full-url=\"https:\/\/gotasparaoxigenar.com\/wp-content\/uploads\/2021\/05\/MG_5945-1-scaled.jpg\" data-link=\"https:\/\/gotasparaoxigenar.com\/?attachment_id=911\" srcset=\"https:\/\/gotasparaoxigenar.com\/wp-content\/uploads\/2021\/05\/MG_5945-1-scaled.jpg 2560w, https:\/\/gotasparaoxigenar.com\/wp-content\/uploads\/2021\/05\/MG_5945-1-300x200.jpg 300w\" sizes=\"(max-width: 2560px) 100vw, 2560px\" \/><\/span><\/h2>\n<\/li>\n<li class=\"blocks-gallery-item\">\n<h2><span style=\"color: #003366;\"><img loading=\"lazy\" width=\"2560\" height=\"1920\" class=\"wp-image-909\" src=\"https:\/\/gotasparaoxigenar.com\/wp-content\/uploads\/2021\/05\/20170909_100657-scaled.jpg\" alt=\"\" data-id=\"909\" data-full-url=\"https:\/\/gotasparaoxigenar.com\/wp-content\/uploads\/2021\/05\/20170909_100657-scaled.jpg\" data-link=\"https:\/\/gotasparaoxigenar.com\/?attachment_id=909\" srcset=\"https:\/\/gotasparaoxigenar.com\/wp-content\/uploads\/2021\/05\/20170909_100657-scaled.jpg 2560w, https:\/\/gotasparaoxigenar.com\/wp-content\/uploads\/2021\/05\/20170909_100657-300x225.jpg 300w\" sizes=\"(max-width: 2560px) 100vw, 2560px\" \/><\/span><\/h2>\n<h2>\u00a0<\/h2>\n<\/li>\n<\/ul>\n<\/figure>\n<!-- \/wp:gallery --><!-- wp:paragraph --><!-- \/wp:paragraph -->\t\t\t\t\t\t<\/div>\n\t\t\t\t<\/div>\n\t\t\t\t\t<\/div>\n\t\t<\/div>\n\t\t\t\t\t\t\t<\/div>\n\t\t<\/section>\n\t\t\t\t\t\t\t<\/div>\n\t\t","protected":false},"excerpt":{"rendered":"<p>\u00a0<\/p>\n","protected":false},"author":1,"featured_media":0,"parent":0,"menu_order":0,"comment_status":"closed","ping_status":"closed","template":"elementor_header_footer","meta":{"ocean_post_layout":"","ocean_both_sidebars_style":"","ocean_both_sidebars_content_width":0,"ocean_both_sidebars_sidebars_width":0,"ocean_sidebar":"0","ocean_second_sidebar":"0","ocean_disable_margins":"enable","ocean_add_body_class":"","ocean_shortcode_before_top_bar":"","ocean_shortcode_after_top_bar":"","ocean_shortcode_before_header":"","ocean_shortcode_after_header":"","ocean_has_shortcode":"","ocean_shortcode_after_title":"","ocean_shortcode_before_footer_widgets":"","ocean_shortcode_after_footer_widgets":"","ocean_shortcode_before_footer_bottom":"","ocean_shortcode_after_footer_bottom":"","ocean_display_top_bar":"off","ocean_display_header":"on","ocean_header_style":"top","ocean_center_header_left_menu":"0","ocean_custom_header_template":"0","ocean_custom_logo":0,"ocean_custom_retina_logo":0,"ocean_custom_logo_max_width":0,"ocean_custom_logo_tablet_max_width":0,"ocean_custom_logo_mobile_max_width":0,"ocean_custom_logo_max_height":0,"ocean_custom_logo_tablet_max_height":0,"ocean_custom_logo_mobile_max_height":0,"ocean_header_custom_menu":"0","ocean_menu_typo_font_family":"0","ocean_menu_typo_font_subset":"","ocean_menu_typo_font_size":0,"ocean_menu_typo_font_size_tablet":0,"ocean_menu_typo_font_size_mobile":0,"ocean_menu_typo_font_size_unit":"px","ocean_menu_typo_font_weight":"","ocean_menu_typo_font_weight_tablet":"","ocean_menu_typo_font_weight_mobile":"","ocean_menu_typo_transform":"","ocean_menu_typo_transform_tablet":"","ocean_menu_typo_transform_mobile":"","ocean_menu_typo_line_height":0,"ocean_menu_typo_line_height_tablet":0,"ocean_menu_typo_line_height_mobile":0,"ocean_menu_typo_line_height_unit":"","ocean_menu_typo_spacing":0,"ocean_menu_typo_spacing_tablet":0,"ocean_menu_typo_spacing_mobile":0,"ocean_menu_typo_spacing_unit":"","ocean_menu_link_color":"","ocean_menu_link_color_hover":"","ocean_menu_link_color_active":"","ocean_menu_link_background":"","ocean_menu_link_hover_background":"","ocean_menu_link_active_background":"","ocean_menu_social_links_bg":"","ocean_menu_social_hover_links_bg":"","ocean_menu_social_links_color":"","ocean_menu_social_hover_links_color":"","ocean_disable_title":"default","ocean_disable_heading":"default","ocean_post_title":"","ocean_post_subheading":"","ocean_post_title_style":"","ocean_post_title_background_color":"","ocean_post_title_background":0,"ocean_post_title_bg_image_position":"","ocean_post_title_bg_image_attachment":"","ocean_post_title_bg_image_repeat":"","ocean_post_title_bg_image_size":"","ocean_post_title_height":0,"ocean_post_title_bg_overlay":0.5,"ocean_post_title_bg_overlay_color":"","ocean_disable_breadcrumbs":"default","ocean_breadcrumbs_color":"","ocean_breadcrumbs_separator_color":"","ocean_breadcrumbs_links_color":"","ocean_breadcrumbs_links_hover_color":"","ocean_display_footer_widgets":"default","ocean_display_footer_bottom":"default","ocean_custom_footer_template":"0"},"_links":{"self":[{"href":"https:\/\/gotasparaoxigenar.com\/index.php?rest_route=\/wp\/v2\/pages\/760"}],"collection":[{"href":"https:\/\/gotasparaoxigenar.com\/index.php?rest_route=\/wp\/v2\/pages"}],"about":[{"href":"https:\/\/gotasparaoxigenar.com\/index.php?rest_route=\/wp\/v2\/types\/page"}],"author":[{"embeddable":true,"href":"https:\/\/gotasparaoxigenar.com\/index.php?rest_route=\/wp\/v2\/users\/1"}],"replies":[{"embeddable":true,"href":"https:\/\/gotasparaoxigenar.com\/index.php?rest_route=%2Fwp%2Fv2%2Fcomments&post=760"}],"version-history":[{"count":27,"href":"https:\/\/gotasparaoxigenar.com\/index.php?rest_route=\/wp\/v2\/pages\/760\/revisions"}],"predecessor-version":[{"id":1638,"href":"https:\/\/gotasparaoxigenar.com\/index.php?rest_route=\/wp\/v2\/pages\/760\/revisions\/1638"}],"wp:attachment":[{"href":"https:\/\/gotasparaoxigenar.com\/index.php?rest_route=%2Fwp%2Fv2%2Fmedia&parent=760"}],"curies":[{"name":"wp","href":"https:\/\/api.w.org\/{rel}","templated":true}]}}