{"id":938,"date":"2021-05-11T11:37:30","date_gmt":"2021-05-11T16:37:30","guid":{"rendered":"https:\/\/gotasparaoxigenar.com\/?page_id=938"},"modified":"2021-05-21T16:22:58","modified_gmt":"2021-05-21T21:22:58","slug":"conservacion-de-flora-y-fauna-silvestre","status":"publish","type":"page","link":"https:\/\/gotasparaoxigenar.com\/?page_id=938","title":{"rendered":"PROTECCION DE FLORA Y FAUNA SILVESTRE"},"content":{"rendered":"\t\t<div data-elementor-type=\"wp-page\" data-elementor-id=\"938\" class=\"elementor elementor-938\">\n\t\t\t\t\t\t\t\t\t<section class=\"elementor-section elementor-top-section elementor-element elementor-element-61a93383 elementor-section-boxed elementor-section-height-default elementor-section-height-default\" data-id=\"61a93383\" data-element_type=\"section\">\n\t\t\t\t\t\t<div class=\"elementor-container elementor-column-gap-default\">\n\t\t\t\t\t<div class=\"elementor-column elementor-col-100 elementor-top-column elementor-element elementor-element-5f1fe2\" data-id=\"5f1fe2\" data-element_type=\"column\">\n\t\t\t<div class=\"elementor-widget-wrap elementor-element-populated\">\n\t\t\t\t\t\t\t\t<div class=\"elementor-element elementor-element-16cfd6e9 elementor-widget elementor-widget-text-editor\" data-id=\"16cfd6e9\" data-element_type=\"widget\" data-widget_type=\"text-editor.default\">\n\t\t\t\t<div class=\"elementor-widget-container\">\n\t\t\t\t\t\t\t<!-- wp:image {\"align\":\"center\",\"id\":616,\"width\":456,\"height\":512,\"sizeSlug\":\"large\",\"linkDestination\":\"none\"} -->\n<div class=\"wp-block-image\">\n<figure class=\"aligncenter size-large is-resized\"><img loading=\"lazy\" class=\"wp-image-616\" src=\"https:\/\/gotasparaoxigenar.com\/wp-content\/uploads\/2021\/05\/Gotas-para-Oxigenar-Animales-1-911x1024.png\" alt=\"\" width=\"456\" height=\"512\" srcset=\"https:\/\/gotasparaoxigenar.com\/wp-content\/uploads\/2021\/05\/Gotas-para-Oxigenar-Animales-1-911x1024.png 911w, https:\/\/gotasparaoxigenar.com\/wp-content\/uploads\/2021\/05\/Gotas-para-Oxigenar-Animales-1-267x300.png 267w, https:\/\/gotasparaoxigenar.com\/wp-content\/uploads\/2021\/05\/Gotas-para-Oxigenar-Animales-1-768x863.png 768w, https:\/\/gotasparaoxigenar.com\/wp-content\/uploads\/2021\/05\/Gotas-para-Oxigenar-Animales-1-1367x1536.png 1367w, https:\/\/gotasparaoxigenar.com\/wp-content\/uploads\/2021\/05\/Gotas-para-Oxigenar-Animales-1-1822x2048.png 1822w, https:\/\/gotasparaoxigenar.com\/wp-content\/uploads\/2021\/05\/Gotas-para-Oxigenar-Animales-1.png 1824w\" sizes=\"(max-width: 456px) 100vw, 456px\" \/><\/figure>\n<\/div>\n<!-- \/wp:image --><!-- wp:pullquote -->\n<figure class=\"wp-block-pullquote\">\n<blockquote>\n<h1 style=\"text-align: justify;\"><span style=\"color: #003366;\"><strong>Programa de protecci\u00f3n de fauna silvestre en v\u00eda de extinci\u00f3n, contribuyendo a proteger especie en via de extinci\u00edn en todo el pa\u00eds el cual pertenece a nuestra regi\u00f3n, as\u00ed como aportar a la conservaci\u00f3n de zonas de importancia ambiental en los ecosistemas que hacen parte de las cuencas hidrogr\u00e1ficas m\u00e1s importantes.<\/strong><\/span><\/h1>\n<\/blockquote>\n<\/figure>\n<!-- \/wp:pullquote -->\t\t\t\t\t\t<\/div>\n\t\t\t\t<\/div>\n\t\t\t\t\t<\/div>\n\t\t<\/div>\n\t\t\t\t\t\t\t<\/div>\n\t\t<\/section>\n\t\t\t\t<section class=\"elementor-section elementor-top-section elementor-element elementor-element-7e9c3ab elementor-section-boxed elementor-section-height-default elementor-section-height-default\" data-id=\"7e9c3ab\" data-element_type=\"section\">\n\t\t\t\t\t\t<div class=\"elementor-container elementor-column-gap-default\">\n\t\t\t\t\t<div class=\"elementor-column elementor-col-100 elementor-top-column elementor-element elementor-element-78ee292\" data-id=\"78ee292\" data-element_type=\"column\">\n\t\t\t<div class=\"elementor-widget-wrap elementor-element-populated\">\n\t\t\t\t\t\t\t\t<div class=\"elementor-element elementor-element-9364cb2 elementor-arrows-position-inside elementor-pagination-position-outside elementor-widget elementor-widget-image-carousel\" data-id=\"9364cb2\" data-element_type=\"widget\" data-settings=\"{&quot;navigation&quot;:&quot;both&quot;,&quot;autoplay&quot;:&quot;yes&quot;,&quot;pause_on_hover&quot;:&quot;yes&quot;,&quot;pause_on_interaction&quot;:&quot;yes&quot;,&quot;autoplay_speed&quot;:5000,&quot;infinite&quot;:&quot;yes&quot;,&quot;speed&quot;:500}\" data-widget_type=\"image-carousel.default\">\n\t\t\t\t<div class=\"elementor-widget-container\">\n\t\t\t\t\t<div class=\"elementor-image-carousel-wrapper swiper-container\" dir=\"ltr\">\n\t\t\t<div class=\"elementor-image-carousel swiper-wrapper\">\n\t\t\t\t\t\t\t\t<div class=\"swiper-slide\"><figure class=\"swiper-slide-inner\"><img class=\"swiper-slide-image\" src=\"https:\/\/gotasparaoxigenar.com\/wp-content\/uploads\/2021\/05\/received_10208052728615910-300x200.jpeg\" alt=\"received_10208052728615910\" \/><\/figure><\/div><div class=\"swiper-slide\"><figure class=\"swiper-slide-inner\"><img class=\"swiper-slide-image\" src=\"https:\/\/gotasparaoxigenar.com\/wp-content\/uploads\/2021\/05\/received_10208052728535908-300x200.jpeg\" alt=\"received_10208052728535908\" \/><\/figure><\/div><div class=\"swiper-slide\"><figure class=\"swiper-slide-inner\"><img class=\"swiper-slide-image\" src=\"https:\/\/gotasparaoxigenar.com\/wp-content\/uploads\/2021\/05\/P1110400-300x225.jpg\" alt=\"P1110400\" \/><\/figure><\/div><div class=\"swiper-slide\"><figure class=\"swiper-slide-inner\"><img class=\"swiper-slide-image\" src=\"https:\/\/gotasparaoxigenar.com\/wp-content\/uploads\/2021\/05\/P1110249-300x225.jpg\" alt=\"P1110249\" \/><\/figure><\/div><div class=\"swiper-slide\"><figure class=\"swiper-slide-inner\"><img class=\"swiper-slide-image\" src=\"https:\/\/gotasparaoxigenar.com\/wp-content\/uploads\/2021\/05\/IMG-20150629-WA0014-300x225.jpg\" alt=\"IMG-20150629-WA0014\" \/><\/figure><\/div>\t\t\t<\/div>\n\t\t\t\t\t\t\t\t\t\t\t\t<div class=\"swiper-pagination\"><\/div>\n\t\t\t\t\t\t\t\t\t\t\t\t\t<div class=\"elementor-swiper-button elementor-swiper-button-prev\">\n\t\t\t\t\t\t<i aria-hidden=\"true\" class=\"eicon-chevron-left\"><\/i>\t\t\t\t\t\t<span class=\"elementor-screen-only\">Anterior<\/span>\n\t\t\t\t\t<\/div>\n\t\t\t\t\t<div class=\"elementor-swiper-button elementor-swiper-button-next\">\n\t\t\t\t\t\t<i aria-hidden=\"true\" class=\"eicon-chevron-right\"><\/i>\t\t\t\t\t\t<span class=\"elementor-screen-only\">Siguiente<\/span>\n\t\t\t\t\t<\/div>\n\t\t\t\t\t\t\t\t\t<\/div>\n\t\t\t\t<\/div>\n\t\t\t\t<\/div>\n\t\t\t\t\t<\/div>\n\t\t<\/div>\n\t\t\t\t\t\t\t<\/div>\n\t\t<\/section>\n\t\t\t\t\t\t\t<\/div>\n\t\t","protected":false},"excerpt":{"rendered":"<p>Programa de protecci\u00f3n de fauna silvestre en v\u00eda de extinci\u00f3n, contribuyendo a proteger especie en via de extinci\u00edn en todo el pa\u00eds el cual pertenece a nuestra regi\u00f3n, as\u00ed como aportar a la conservaci\u00f3n de zonas de importancia ambiental en los ecosistemas que hacen parte de las cuencas hidrogr\u00e1ficas m\u00e1s importantes. Anterior Siguiente<\/p>\n","protected":false},"author":1,"featured_media":896,"parent":0,"menu_order":0,"comment_status":"closed","ping_status":"closed","template":"elementor_header_footer","meta":{"ocean_post_layout":"","ocean_both_sidebars_style":"","ocean_both_sidebars_content_width":0,"ocean_both_sidebars_sidebars_width":0,"ocean_sidebar":"0","ocean_second_sidebar":"0","ocean_disable_margins":"enable","ocean_add_body_class":"","ocean_shortcode_before_top_bar":"","ocean_shortcode_after_top_bar":"","ocean_shortcode_before_header":"","ocean_shortcode_after_header":"","ocean_has_shortcode":"","ocean_shortcode_after_title":"","ocean_shortcode_before_footer_widgets":"","ocean_shortcode_after_footer_widgets":"","ocean_shortcode_before_footer_bottom":"","ocean_shortcode_after_footer_bottom":"","ocean_display_top_bar":"default","ocean_display_header":"on","ocean_header_style":"top","ocean_center_header_left_menu":"0","ocean_custom_header_template":"0","ocean_custom_logo":0,"ocean_custom_retina_logo":440,"ocean_custom_logo_max_width":0,"ocean_custom_logo_tablet_max_width":0,"ocean_custom_logo_mobile_max_width":0,"ocean_custom_logo_max_height":0,"ocean_custom_logo_tablet_max_height":0,"ocean_custom_logo_mobile_max_height":0,"ocean_header_custom_menu":"24","ocean_menu_typo_font_family":"0","ocean_menu_typo_font_subset":"","ocean_menu_typo_font_size":0,"ocean_menu_typo_font_size_tablet":0,"ocean_menu_typo_font_size_mobile":0,"ocean_menu_typo_font_size_unit":"px","ocean_menu_typo_font_weight":"","ocean_menu_typo_font_weight_tablet":"","ocean_menu_typo_font_weight_mobile":"","ocean_menu_typo_transform":"","ocean_menu_typo_transform_tablet":"","ocean_menu_typo_transform_mobile":"","ocean_menu_typo_line_height":0,"ocean_menu_typo_line_height_tablet":0,"ocean_menu_typo_line_height_mobile":0,"ocean_menu_typo_line_height_unit":"","ocean_menu_typo_spacing":0,"ocean_menu_typo_spacing_tablet":0,"ocean_menu_typo_spacing_mobile":0,"ocean_menu_typo_spacing_unit":"","ocean_menu_link_color":"","ocean_menu_link_color_hover":"","ocean_menu_link_color_active":"","ocean_menu_link_background":"","ocean_menu_link_hover_background":"","ocean_menu_link_active_background":"","ocean_menu_social_links_bg":"","ocean_menu_social_hover_links_bg":"","ocean_menu_social_links_color":"","ocean_menu_social_hover_links_color":"","ocean_disable_title":"default","ocean_disable_heading":"default","ocean_post_title":"","ocean_post_subheading":"","ocean_post_title_style":"","ocean_post_title_background_color":"","ocean_post_title_background":0,"ocean_post_title_bg_image_position":"","ocean_post_title_bg_image_attachment":"","ocean_post_title_bg_image_repeat":"","ocean_post_title_bg_image_size":"","ocean_post_title_height":0,"ocean_post_title_bg_overlay":0.5,"ocean_post_title_bg_overlay_color":"","ocean_disable_breadcrumbs":"default","ocean_breadcrumbs_color":"","ocean_breadcrumbs_separator_color":"","ocean_breadcrumbs_links_color":"","ocean_breadcrumbs_links_hover_color":"","ocean_display_footer_widgets":"default","ocean_display_footer_bottom":"default","ocean_custom_footer_template":"0"},"_links":{"self":[{"href":"https:\/\/gotasparaoxigenar.com\/index.php?rest_route=\/wp\/v2\/pages\/938"}],"collection":[{"href":"https:\/\/gotasparaoxigenar.com\/index.php?rest_route=\/wp\/v2\/pages"}],"about":[{"href":"https:\/\/gotasparaoxigenar.com\/index.php?rest_route=\/wp\/v2\/types\/page"}],"author":[{"embeddable":true,"href":"https:\/\/gotasparaoxigenar.com\/index.php?rest_route=\/wp\/v2\/users\/1"}],"replies":[{"embeddable":true,"href":"https:\/\/gotasparaoxigenar.com\/index.php?rest_route=%2Fwp%2Fv2%2Fcomments&post=938"}],"version-history":[{"count":17,"href":"https:\/\/gotasparaoxigenar.com\/index.php?rest_route=\/wp\/v2\/pages\/938\/revisions"}],"predecessor-version":[{"id":1478,"href":"https:\/\/gotasparaoxigenar.com\/index.php?rest_route=\/wp\/v2\/pages\/938\/revisions\/1478"}],"wp:featuredmedia":[{"embeddable":true,"href":"https:\/\/gotasparaoxigenar.com\/index.php?rest_route=\/wp\/v2\/media\/896"}],"wp:attachment":[{"href":"https:\/\/gotasparaoxigenar.com\/index.php?rest_route=%2Fwp%2Fv2%2Fmedia&parent=938"}],"curies":[{"name":"wp","href":"https:\/\/api.w.org\/{rel}","templated":true}]}}